{"id":561,"date":"2024-11-08T00:53:52","date_gmt":"2024-11-07T23:53:52","guid":{"rendered":"https:\/\/radclub-ilztal.de\/wp_shop\/?post_type=product&#038;p=561"},"modified":"2026-04-24T06:46:31","modified_gmt":"2026-04-24T04:46:31","slug":"kurzarmtrikot-profi","status":"publish","type":"product","link":"https:\/\/radclub-ilztal.de\/wp_shop\/produkt\/kurzarmtrikot-profi\/","title":{"rendered":"Kurzarmtrikot Profi"},"content":{"rendered":"<p><strong>Bitte bei Bestellung beachten!<\/strong><br \/>\nF\u00e4llt 1 bis 2 Gr\u00f6\u00dfen kleiner aus als die europ\u00e4ische Norm. Wer normalerweise in Radoberteilen Gr\u00f6\u00dfe M hat, sollte L oder XL bestellen.<\/p>\n<p><strong>Gr\u00f6\u00dfentabelle des Herstellers:<\/strong><br \/>\n<a href=\"https:\/\/www.nyna.online\/sizing-table\/\">https:\/\/www.nyna.online\/sizing-table\/<\/a><\/p>\n<p>&nbsp;<\/p>\n","protected":false},"excerpt":{"rendered":"<p><strong>Bitte bei Bestellung beachten!\u00a0<\/strong><br \/>\nF\u00e4llt 1 bis 2 Gr\u00f6\u00dfen kleiner aus als die europ\u00e4ische Norm. Wer normalerweise in Radoberteilen Gr\u00f6\u00dfe M hat, sollte L oder XL bestellen.<\/p>\n","protected":false},"featured_media":825,"template":"","meta":[],"product_cat":[19],"product_tag":[],"class_list":{"0":"post-561","1":"product","2":"type-product","3":"status-publish","4":"has-post-thumbnail","6":"product_cat-radkleidung","8":"first","9":"instock","10":"purchasable","11":"product-type-variable"},"_links":{"self":[{"href":"https:\/\/radclub-ilztal.de\/wp_shop\/wp-json\/wp\/v2\/product\/561"}],"collection":[{"href":"https:\/\/radclub-ilztal.de\/wp_shop\/wp-json\/wp\/v2\/product"}],"about":[{"href":"https:\/\/radclub-ilztal.de\/wp_shop\/wp-json\/wp\/v2\/types\/product"}],"wp:featuredmedia":[{"embeddable":true,"href":"https:\/\/radclub-ilztal.de\/wp_shop\/wp-json\/wp\/v2\/media\/825"}],"wp:attachment":[{"href":"https:\/\/radclub-ilztal.de\/wp_shop\/wp-json\/wp\/v2\/media?parent=561"}],"wp:term":[{"taxonomy":"product_cat","embeddable":true,"href":"https:\/\/radclub-ilztal.de\/wp_shop\/wp-json\/wp\/v2\/product_cat?post=561"},{"taxonomy":"product_tag","embeddable":true,"href":"https:\/\/radclub-ilztal.de\/wp_shop\/wp-json\/wp\/v2\/product_tag?post=561"}],"curies":[{"name":"wp","href":"https:\/\/api.w.org\/{rel}","templated":true}]}}