{"id":562,"date":"2024-11-08T00:53:52","date_gmt":"2024-11-07T23:53:52","guid":{"rendered":"https:\/\/radclub-ilztal.de\/wp_shop\/?post_type=product&#038;p=562"},"modified":"2026-04-20T14:59:27","modified_gmt":"2026-04-20T12:59:27","slug":"kurzarmtrikot-sport","status":"publish","type":"product","link":"https:\/\/radclub-ilztal.de\/wp_shop\/produkt\/kurzarmtrikot-sport\/","title":{"rendered":"Kurzarmtrikot Sport"},"content":{"rendered":"<p>F\u00e4llt bei <strong>Kindern<\/strong> bis Gr\u00f6\u00dfe 164 <strong>eine Nummer kleiner<\/strong> aus als die europ\u00e4ische Norm.<\/p>\n<p>Sporttrikot, \u00e4rmelloses Trikot und Laufshirt sind aus gleichem Material.<\/p>\n","protected":false},"excerpt":{"rendered":"<p>F\u00e4llt bei Kindern bis Gr\u00f6\u00dfe 164 eine Nummer kleiner aus als die europ\u00e4ische Norm. Sporttrikot, \u00e4rmelloses Trikot und Laufshirt sind aus gleichem Material.<\/p>\n","protected":false},"featured_media":333,"template":"","meta":[],"product_cat":[19],"product_tag":[],"class_list":{"0":"post-562","1":"product","2":"type-product","3":"status-publish","4":"has-post-thumbnail","6":"product_cat-radkleidung","8":"first","9":"instock","10":"purchasable","11":"product-type-variable"},"_links":{"self":[{"href":"https:\/\/radclub-ilztal.de\/wp_shop\/wp-json\/wp\/v2\/product\/562"}],"collection":[{"href":"https:\/\/radclub-ilztal.de\/wp_shop\/wp-json\/wp\/v2\/product"}],"about":[{"href":"https:\/\/radclub-ilztal.de\/wp_shop\/wp-json\/wp\/v2\/types\/product"}],"wp:featuredmedia":[{"embeddable":true,"href":"https:\/\/radclub-ilztal.de\/wp_shop\/wp-json\/wp\/v2\/media\/333"}],"wp:attachment":[{"href":"https:\/\/radclub-ilztal.de\/wp_shop\/wp-json\/wp\/v2\/media?parent=562"}],"wp:term":[{"taxonomy":"product_cat","embeddable":true,"href":"https:\/\/radclub-ilztal.de\/wp_shop\/wp-json\/wp\/v2\/product_cat?post=562"},{"taxonomy":"product_tag","embeddable":true,"href":"https:\/\/radclub-ilztal.de\/wp_shop\/wp-json\/wp\/v2\/product_tag?post=562"}],"curies":[{"name":"wp","href":"https:\/\/api.w.org\/{rel}","templated":true}]}}