{"id":565,"date":"2024-11-08T00:53:52","date_gmt":"2024-11-07T23:53:52","guid":{"rendered":"https:\/\/radclub-ilztal.de\/wp_shop\/?post_type=product&#038;p=565"},"modified":"2026-04-20T17:00:45","modified_gmt":"2026-04-20T15:00:45","slug":"kurzarmtrikot-sport-ohne-aermel-damen","status":"publish","type":"product","link":"https:\/\/radclub-ilztal.de\/wp_shop\/produkt\/kurzarmtrikot-sport-ohne-aermel-damen\/","title":{"rendered":"Kurzarmtrikot Sport ohne \u00c4rmel Damen"},"content":{"rendered":"<p>Damenoberteile sind tailliert. F\u00fcr Frauen mit einem l\u00e4ngeren Oberk\u00f6rper k\u00f6nnte es dadurch vorne zu kurz werden. Da empfiehlt es sich, das Herren-Trikot zu nehmen.<\/p>\n<p>Sporttrikot, \u00e4rmelloses Trikot und Laufshirt sind aus gleichem Material.<\/p>\n<p><a href=\"https:\/\/www.nyna.online\/sizing-table\/\" target=\"_blank\" rel=\"noopener\">Gr\u00f6\u00dfentabelle des Herstellers<\/a><\/p>\n","protected":false},"excerpt":{"rendered":"<p>Damenoberteile sind tailliert. F\u00fcr Frauen mit einem l\u00e4ngeren Oberk\u00f6rper k\u00f6nnte es dadurch vorne zu kurz werden. Da empfiehlt es sich, das Herren-Trikot zu nehmen.\u00a0 Sporttrikot, \u00e4rmelloses Trikot und Laufshirt sind aus gleichem Material.<\/p>\n<p><a href=\"https:\/\/www.nyna.online\/sizing-table\/\" target=\"_blank\" rel=\"noopener\">Gr\u00f6\u00dfentabelle des Herstellers<\/a><\/p>\n","protected":false},"featured_media":334,"template":"","meta":[],"product_cat":[19],"product_tag":[],"class_list":{"0":"post-565","1":"product","2":"type-product","3":"status-publish","4":"has-post-thumbnail","6":"product_cat-radkleidung","8":"first","9":"instock","10":"purchasable","11":"product-type-variable"},"_links":{"self":[{"href":"https:\/\/radclub-ilztal.de\/wp_shop\/wp-json\/wp\/v2\/product\/565"}],"collection":[{"href":"https:\/\/radclub-ilztal.de\/wp_shop\/wp-json\/wp\/v2\/product"}],"about":[{"href":"https:\/\/radclub-ilztal.de\/wp_shop\/wp-json\/wp\/v2\/types\/product"}],"wp:featuredmedia":[{"embeddable":true,"href":"https:\/\/radclub-ilztal.de\/wp_shop\/wp-json\/wp\/v2\/media\/334"}],"wp:attachment":[{"href":"https:\/\/radclub-ilztal.de\/wp_shop\/wp-json\/wp\/v2\/media?parent=565"}],"wp:term":[{"taxonomy":"product_cat","embeddable":true,"href":"https:\/\/radclub-ilztal.de\/wp_shop\/wp-json\/wp\/v2\/product_cat?post=565"},{"taxonomy":"product_tag","embeddable":true,"href":"https:\/\/radclub-ilztal.de\/wp_shop\/wp-json\/wp\/v2\/product_tag?post=565"}],"curies":[{"name":"wp","href":"https:\/\/api.w.org\/{rel}","templated":true}]}}