{"id":567,"date":"2024-11-08T00:53:52","date_gmt":"2024-11-07T23:53:52","guid":{"rendered":"https:\/\/radclub-ilztal.de\/wp_shop\/?post_type=product&#038;p=567"},"modified":"2025-04-17T20:30:43","modified_gmt":"2025-04-17T18:30:43","slug":"laufshirt-damen","status":"publish","type":"product","link":"https:\/\/radclub-ilztal.de\/wp_shop\/produkt\/laufshirt-damen\/","title":{"rendered":"Laufshirt Damen"},"content":{"rendered":"<p>Damenoberteile sind tailliert. F\u00fcr Frauen mit einem l\u00e4ngeren Oberk\u00f6rper k\u00f6nnte es dadurch vorne zu kurz werden. Da empfiehlt es sich, das Herren-Trikot zu nehmen.<\/p>\n<p>Sporttrikot, \u00e4rmelloses Trikot und Laufshirt sind aus gleichem Material.<\/p>\n","protected":false},"excerpt":{"rendered":"<p>Damenoberteile sind tailliert. F\u00fcr Frauen mit einem l\u00e4ngeren Oberk\u00f6rper k\u00f6nnte es dadurch vorne zu kurz werden. Da empfiehlt es sich, das Herren-Trikot zu nehmen. Sporttrikot, \u00e4rmelloses Trikot und Laufshirt sind aus gleichem Material.<\/p>\n","protected":false},"featured_media":826,"template":"","meta":[],"product_cat":[19],"product_tag":[],"class_list":{"0":"post-567","1":"product","2":"type-product","3":"status-publish","4":"has-post-thumbnail","6":"product_cat-radkleidung","8":"first","9":"instock","10":"purchasable","11":"product-type-variable"},"_links":{"self":[{"href":"https:\/\/radclub-ilztal.de\/wp_shop\/wp-json\/wp\/v2\/product\/567"}],"collection":[{"href":"https:\/\/radclub-ilztal.de\/wp_shop\/wp-json\/wp\/v2\/product"}],"about":[{"href":"https:\/\/radclub-ilztal.de\/wp_shop\/wp-json\/wp\/v2\/types\/product"}],"wp:featuredmedia":[{"embeddable":true,"href":"https:\/\/radclub-ilztal.de\/wp_shop\/wp-json\/wp\/v2\/media\/826"}],"wp:attachment":[{"href":"https:\/\/radclub-ilztal.de\/wp_shop\/wp-json\/wp\/v2\/media?parent=567"}],"wp:term":[{"taxonomy":"product_cat","embeddable":true,"href":"https:\/\/radclub-ilztal.de\/wp_shop\/wp-json\/wp\/v2\/product_cat?post=567"},{"taxonomy":"product_tag","embeddable":true,"href":"https:\/\/radclub-ilztal.de\/wp_shop\/wp-json\/wp\/v2\/product_tag?post=567"}],"curies":[{"name":"wp","href":"https:\/\/api.w.org\/{rel}","templated":true}]}}