{"id":570,"date":"2024-11-08T00:53:52","date_gmt":"2024-11-07T23:53:52","guid":{"rendered":"https:\/\/radclub-ilztal.de\/wp_shop\/?post_type=product&#038;p=570"},"modified":"2025-07-27T19:47:52","modified_gmt":"2025-07-27T17:47:52","slug":"langarmtrikot","status":"publish","type":"product","link":"https:\/\/radclub-ilztal.de\/wp_shop\/produkt\/langarmtrikot\/","title":{"rendered":"Langarmtrikot"},"content":{"rendered":"<p><span style=color: #800000\t>Vor Bestellung beachten:<\/span> F\u00e4llt bei Kindergr\u00f6\u00dfen <strong><span style=color: #000000\t>1 Nummer kleiner<\/span><\/strong> aus!<br \/>\nInnen leicht gef\u00fcttert; ideal f\u00fcr k\u00fchlere Tage.<\/p>\n","protected":false},"excerpt":{"rendered":"<p>Vor Bestellung beachten: F\u00e4llt bei Kindergr\u00f6\u00dfen 1 Nummer kleiner aus! Innen leicht gef\u00fcttert; ideal f\u00fcr k\u00fchlere Tage.<\/p>\n","protected":false},"featured_media":336,"template":"","meta":[],"product_cat":[19],"product_tag":[],"class_list":{"0":"post-570","1":"product","2":"type-product","3":"status-publish","4":"has-post-thumbnail","6":"product_cat-radkleidung","8":"first","9":"instock","10":"purchasable","11":"product-type-variable"},"_links":{"self":[{"href":"https:\/\/radclub-ilztal.de\/wp_shop\/wp-json\/wp\/v2\/product\/570"}],"collection":[{"href":"https:\/\/radclub-ilztal.de\/wp_shop\/wp-json\/wp\/v2\/product"}],"about":[{"href":"https:\/\/radclub-ilztal.de\/wp_shop\/wp-json\/wp\/v2\/types\/product"}],"wp:featuredmedia":[{"embeddable":true,"href":"https:\/\/radclub-ilztal.de\/wp_shop\/wp-json\/wp\/v2\/media\/336"}],"wp:attachment":[{"href":"https:\/\/radclub-ilztal.de\/wp_shop\/wp-json\/wp\/v2\/media?parent=570"}],"wp:term":[{"taxonomy":"product_cat","embeddable":true,"href":"https:\/\/radclub-ilztal.de\/wp_shop\/wp-json\/wp\/v2\/product_cat?post=570"},{"taxonomy":"product_tag","embeddable":true,"href":"https:\/\/radclub-ilztal.de\/wp_shop\/wp-json\/wp\/v2\/product_tag?post=570"}],"curies":[{"name":"wp","href":"https:\/\/api.w.org\/{rel}","templated":true}]}}