{"id":573,"date":"2024-11-08T00:53:51","date_gmt":"2024-11-07T23:53:51","guid":{"rendered":"https:\/\/radclub-ilztal.de\/wp_shop\/?post_type=product&#038;p=573"},"modified":"2026-04-20T17:06:28","modified_gmt":"2026-04-20T15:06:28","slug":"wind-regenjacke-damen","status":"publish","type":"product","link":"https:\/\/radclub-ilztal.de\/wp_shop\/produkt\/wind-regenjacke-damen\/","title":{"rendered":"Wind-Regenjacke Damen"},"content":{"rendered":"<p>Wind- und wasserabweisend, atmungsaktiv.<\/p>\n<p>Damenoberteile sind tailliert. F\u00fcr Frauen mit einem l\u00e4ngeren Oberk\u00f6rper k\u00f6nnte es dadurch vorne zu kurz werden. Da empfiehlt es sich, das Herren-Trikot zu nehmen.<\/p>\n","protected":false},"excerpt":{"rendered":"<p>Wind- und wasserabweisend, atmungsaktiv.<\/p>\n<p><a href=\"https:\/\/www.nyna.online\/sizing-table\/\" target=\"_blank\" rel=\"noopener\">Gr\u00f6\u00dfentabelle des Herstellers<\/a><\/p>\n","protected":false},"featured_media":828,"template":"","meta":[],"product_cat":[19],"product_tag":[],"class_list":{"0":"post-573","1":"product","2":"type-product","3":"status-publish","4":"has-post-thumbnail","6":"product_cat-radkleidung","8":"first","9":"instock","10":"purchasable","11":"product-type-variable"},"_links":{"self":[{"href":"https:\/\/radclub-ilztal.de\/wp_shop\/wp-json\/wp\/v2\/product\/573"}],"collection":[{"href":"https:\/\/radclub-ilztal.de\/wp_shop\/wp-json\/wp\/v2\/product"}],"about":[{"href":"https:\/\/radclub-ilztal.de\/wp_shop\/wp-json\/wp\/v2\/types\/product"}],"wp:featuredmedia":[{"embeddable":true,"href":"https:\/\/radclub-ilztal.de\/wp_shop\/wp-json\/wp\/v2\/media\/828"}],"wp:attachment":[{"href":"https:\/\/radclub-ilztal.de\/wp_shop\/wp-json\/wp\/v2\/media?parent=573"}],"wp:term":[{"taxonomy":"product_cat","embeddable":true,"href":"https:\/\/radclub-ilztal.de\/wp_shop\/wp-json\/wp\/v2\/product_cat?post=573"},{"taxonomy":"product_tag","embeddable":true,"href":"https:\/\/radclub-ilztal.de\/wp_shop\/wp-json\/wp\/v2\/product_tag?post=573"}],"curies":[{"name":"wp","href":"https:\/\/api.w.org\/{rel}","templated":true}]}}