{"id":581,"date":"2024-11-08T00:53:51","date_gmt":"2024-11-07T23:53:51","guid":{"rendered":"https:\/\/radclub-ilztal.de\/wp_shop\/?post_type=product&#038;p=581"},"modified":"2026-04-20T15:05:14","modified_gmt":"2026-04-20T13:05:14","slug":"mtb-hose","status":"publish","type":"product","link":"https:\/\/radclub-ilztal.de\/wp_shop\/produkt\/mtb-hose\/","title":{"rendered":"MTB Hose"},"content":{"rendered":"<p><strong>Bitte bei Bestellung beachten!<br \/>\n<\/strong><\/p>\n<p>Die MTB Hose f\u00e4llt bei den Erwachsenen eine Nummer gr\u00f6\u00dfer aus als die europ\u00e4ische Norm. Wer Gr\u00f6\u00dfe M hat, sollte sie sich in Gr\u00f6\u00dfe S bestellen.<\/p>\n<p>Design MTB Hose wie Rennhose.<\/p>\n","protected":false},"excerpt":{"rendered":"<p>Bitte bei Bestellung beachten! Die MTB Hose f\u00e4llt bei den Erwachsenen eine Nummer gr\u00f6\u00dfer aus als die europ\u00e4ische Norm. Wer Gr\u00f6\u00dfe M hat, sollte sie sich in Gr\u00f6\u00dfe S bestellen. Design MTB Hose wie Rennhose.<\/p>\n","protected":false},"featured_media":830,"template":"","meta":[],"product_cat":[19],"product_tag":[],"class_list":{"0":"post-581","1":"product","2":"type-product","3":"status-publish","4":"has-post-thumbnail","6":"product_cat-radkleidung","8":"first","9":"instock","10":"purchasable","11":"product-type-variable"},"_links":{"self":[{"href":"https:\/\/radclub-ilztal.de\/wp_shop\/wp-json\/wp\/v2\/product\/581"}],"collection":[{"href":"https:\/\/radclub-ilztal.de\/wp_shop\/wp-json\/wp\/v2\/product"}],"about":[{"href":"https:\/\/radclub-ilztal.de\/wp_shop\/wp-json\/wp\/v2\/types\/product"}],"wp:featuredmedia":[{"embeddable":true,"href":"https:\/\/radclub-ilztal.de\/wp_shop\/wp-json\/wp\/v2\/media\/830"}],"wp:attachment":[{"href":"https:\/\/radclub-ilztal.de\/wp_shop\/wp-json\/wp\/v2\/media?parent=581"}],"wp:term":[{"taxonomy":"product_cat","embeddable":true,"href":"https:\/\/radclub-ilztal.de\/wp_shop\/wp-json\/wp\/v2\/product_cat?post=581"},{"taxonomy":"product_tag","embeddable":true,"href":"https:\/\/radclub-ilztal.de\/wp_shop\/wp-json\/wp\/v2\/product_tag?post=581"}],"curies":[{"name":"wp","href":"https:\/\/api.w.org\/{rel}","templated":true}]}}